{"id":86,"date":"2015-10-23T22:44:39","date_gmt":"2015-10-23T20:44:39","guid":{"rendered":"http:\/\/moselle-triathlon.fr\/?page_id=86"},"modified":"2023-09-07T19:14:20","modified_gmt":"2023-09-07T17:14:20","slug":"clubs-de-triathlon-en-moselle","status":"publish","type":"page","link":"https:\/\/moselle-triathlon.fr\/index.php\/clubs-de-triathlon-en-moselle\/","title":{"rendered":"Clubs de triathlon affili\u00e9s FFTri en Moselle"},"content":{"rendered":"\n<p>Vous trouverez ci-dessous les diff\u00e9rents sites des clubs de Triathlon de Moselle (Lorraine &#8211; Grand Est) affili\u00e9s \u00e0 la FFTRI:<\/p>\n\n\n<p><iframe loading=\"lazy\" src=\"https:\/\/www.google.com\/maps\/d\/u\/0\/embed?mid=1P4o9mPhGBg-jf18bE4U5yOF0N4ZACe0Y&amp;ehbc=2E312F\" width=\"640\" height=\"480\"><\/iframe><\/p>\n\n\n<p class=\"has-text-align-center\"><strong style=\"text-align: center;\">&gt;&gt;&nbsp;<a href=\"http:\/\/espacetri.fftri.com\" target=\"_blank\" rel=\"noopener\">Prendre ou renouveler sa licence<\/a><\/strong><\/p>\n\n\n\n<figure class=\"wp-block-table\"><table><tbody><tr><td><strong>Clubs (avec lien vers la page Internet)<\/strong><\/td><td><strong>Label FFTRI Sport Sant\u00e9<\/strong><\/td><td><strong>Ecole de Triathlon<\/strong><\/td><\/tr><tr><td><a href=\"http:\/\/www.metz-triathlon.com\/\" target=\"_blank\" rel=\"noopener\">Metz Triathlon<\/a><\/td><td>&nbsp;Label Coach Triathlon Sant\u00e9<\/td><td>Ecole de triathlon labellis\u00e9e FFTRI ***<\/td><\/tr><tr><td><a href=\"http:\/\/www.triathlonsaintavold.fr\/\" target=\"_blank\" rel=\"noopener\">Triathlon Club Saint Avold<\/a><\/td><td>&nbsp;Label Coach Triathlon Sant\u00e9<\/td><td>&nbsp;<\/td><\/tr><tr><td><a href=\"http:\/\/www.trityc.fr\/\" target=\"_blank\" rel=\"noopener\">Triathlon Thionville Yutz Club <\/a>(TRITYC)<\/td><td>&nbsp;&nbsp;Label Coach Triathlon Sant\u00e9<\/td><td>Ecole de triathlon labellis\u00e9e FFTRI **<\/td><\/tr><tr><td><a href=\"http:\/\/www.nstt.fr\/\" target=\"_blank\" rel=\"noopener\">New Sarrebourg Team Triathlon <\/a>(NSTT)<\/td><td>&nbsp;<\/td><td>Ecole de triathlon<\/td><\/tr><tr><td><a href=\"http:\/\/sarregueminestri.free.fr\" target=\"_blank\" rel=\"noopener\">Sarreguemines Triathlon Club<\/a><\/td><td>&nbsp;&nbsp;Label Coach Triathlon Sant\u00e9<\/td><td>Ecole de triathlon labellis\u00e9e FFTRI *<\/td><\/tr><tr><td><a href=\"https:\/\/www.forbach-triathlon.com\/\" target=\"_blank\" rel=\"noopener\">Tri Athl\u00e9tic Club Forbach<\/a><\/td><td>&nbsp;<\/td><td>&nbsp;<\/td><\/tr><tr><td><a href=\"http:\/\/vtcafalck.fr\/\" target=\"_blank\" rel=\"noopener\">V\u00e9lo Triathlon Club avenir Falck <\/a>(VTCA)<\/td><td>&nbsp;<\/td><td>&nbsp;<\/td><\/tr><tr><td><a href=\"http:\/\/tricat-amneville.fr\">Tricat Amn\u00e9ville<\/a><\/td><td><\/td><td>&nbsp;<\/td><\/tr><tr><td><a href=\"http:\/\/www.trisport-sarreguemines.com\" target=\"_blank\" rel=\"noopener\">Trisport Sarreguemines<\/a><\/td><td>&nbsp;<\/td><td>&nbsp;<\/td><\/tr><tr><td><a href=\"https:\/\/www.facebook.com\/SBR-Team-1481227928620359\/\" target=\"_blank\" rel=\"noopener\">SBR Team (Pontpierre)<\/a><\/td><td>&nbsp;<\/td><td>&nbsp;<\/td><\/tr><tr><td><a href=\"https:\/\/athac.fr\/\" target=\"_blank\" rel=\"noopener\">ATHAC<\/a> (Hagondange)<\/td><td>&nbsp;&nbsp;Label Coach Triathlon Sant\u00e9<\/td><td>&nbsp;Ecole de triathlon<\/td><\/tr><\/tbody><\/table><\/figure>\n\n\n\n<p><em>Plus d&rsquo;infos sur la labellisation des clubs &#8211;&gt;<\/em>&nbsp;<a href=\"https:\/\/www.fftri.com\/pratiquer\/les-labels-f-f-tri\/clubs\/\">https:\/\/www.fftri.com\/pratiquer\/les-labels-f-f-tri\/clubs\/&nbsp;&nbsp;<\/a><\/p>\n","protected":false},"excerpt":{"rendered":"<p>Vous trouverez ci-dessous les diff\u00e9rents sites des clubs de Triathlon de Moselle (Lorraine &#8211; Grand Est) affili\u00e9s \u00e0 la FFTRI: &gt;&gt;&nbsp;Prendre ou renouveler sa licence Clubs (avec lien vers la page Internet) Label FFTRI Sport Sant\u00e9 Ecole de Triathlon Metz Triathlon &nbsp;Label Coach Triathlon Sant\u00e9 Ecole de triathlon labellis\u00e9e FFTRI *** Triathlon Club Saint Avold [&hellip;]<\/p>\n","protected":false},"author":4,"featured_media":0,"parent":0,"menu_order":0,"comment_status":"closed","ping_status":"closed","template":"","meta":{"footnotes":""},"class_list":["post-86","page","type-page","status-publish","hentry"],"blocksy_meta":[],"_links":{"self":[{"href":"https:\/\/moselle-triathlon.fr\/index.php\/wp-json\/wp\/v2\/pages\/86","targetHints":{"allow":["GET"]}}],"collection":[{"href":"https:\/\/moselle-triathlon.fr\/index.php\/wp-json\/wp\/v2\/pages"}],"about":[{"href":"https:\/\/moselle-triathlon.fr\/index.php\/wp-json\/wp\/v2\/types\/page"}],"author":[{"embeddable":true,"href":"https:\/\/moselle-triathlon.fr\/index.php\/wp-json\/wp\/v2\/users\/4"}],"replies":[{"embeddable":true,"href":"https:\/\/moselle-triathlon.fr\/index.php\/wp-json\/wp\/v2\/comments?post=86"}],"version-history":[{"count":0,"href":"https:\/\/moselle-triathlon.fr\/index.php\/wp-json\/wp\/v2\/pages\/86\/revisions"}],"wp:attachment":[{"href":"https:\/\/moselle-triathlon.fr\/index.php\/wp-json\/wp\/v2\/media?parent=86"}],"curies":[{"name":"wp","href":"https:\/\/api.w.org\/{rel}","templated":true}]}}