{"id":83,"date":"2021-02-28T11:00:00","date_gmt":"2021-02-28T10:00:00","guid":{"rendered":"http:\/\/moselle-triathlon.fr\/?page_id=83"},"modified":"2025-03-22T21:02:57","modified_gmt":"2025-03-22T20:02:57","slug":"role-et-missions-du-cd-57-triathlon","status":"publish","type":"page","link":"https:\/\/moselle-triathlon.fr\/index.php\/role-et-missions-du-cd-57-triathlon\/","title":{"rendered":"R\u00f4le et missions du CD 57 Triathlon"},"content":{"rendered":"\n<figure class=\"wp-block-image aligncenter\"><img loading=\"lazy\" decoding=\"async\" width=\"250\" height=\"250\" src=\"http:\/\/moselle-triathlon.fr\/wp-content\/uploads\/2015\/11\/logo-login1.png\" alt=\"logo-login\" class=\"wp-image-430\" srcset=\"https:\/\/moselle-triathlon.fr\/wp-content\/uploads\/2015\/11\/logo-login1.png 250w, https:\/\/moselle-triathlon.fr\/wp-content\/uploads\/2015\/11\/logo-login1-150x150.png 150w\" sizes=\"auto, (max-width: 250px) 100vw, 250px\" \/><\/figure>\n\n\n\n<p>Fond\u00e9 le 1<sup>er<\/sup> Juillet 2003, le Comit\u00e9 D\u00e9partemental Moselle de Triathlon est inscrit au registre des associations du TGI de Metz. &nbsp;Il est r\u00e9gi par les statuts f\u00e9d\u00e9raux de la F\u00e9d\u00e9ration Fran\u00e7aise de Triathlon des Comit\u00e9s D\u00e9partementaux.&nbsp;Il a \u00e9t\u00e9 r\u00e9activ\u00e9 de mani\u00e8re significative \u00e0 compter de 2012, notamment suite aux directives du Minist\u00e8re en charge de la Jeunesse et des Sports&nbsp;en application du plan de d\u00e9veloppement du sport.<\/p>\n\n\n\n<p>La mission du&nbsp;Comit\u00e9 D\u00e9partemental Moselle (57) de Triathlon est d\u2019\u00e9tablir des projets directeurs en phase et en concertation avec ceux des partenaires institutionnels :<\/p>\n\n\n\n<ul class=\"wp-block-list\">\n<li><strong>Ligue R\u00e9gionale de Triathlon<\/strong> (LL Tri puis Ligue Grand Est depuis 2018),<\/li>\n\n\n\n<li><strong>Service D\u00e9partemental en charge des Sports,<\/strong><\/li>\n\n\n\n<li><strong>Conseil D\u00e9partemental de la Moselle<\/strong> (CD 57),<\/li>\n\n\n\n<li><strong>Comit\u00e9 D\u00e9partemental Olympique et Sportif<\/strong> de Moselle (CDOS 57),<\/li>\n\n\n\n<li><strong>Comit\u00e9 R\u00e9gional<\/strong>&nbsp;<strong>Olympique et Sportif Grand Est <\/strong>(CROS GE)<\/li>\n<\/ul>\n\n\n\n<p>Il est le relai et l&rsquo;interlocuteur entre les clubs et les institutions. Il d\u00e9fend donc les int\u00e9r\u00eats des clubs mosellans de triathlon aupr\u00e8s de celles-ci.&nbsp; &nbsp; &nbsp;<\/p>\n\n\n\n<hr class=\"wp-block-separator has-alpha-channel-opacity\"\/>\n\n\n\n<h3 class=\"wp-block-heading\"><em><span style=\"text-decoration: underline;\">Les grands axes&nbsp;du projet du CD 57 Triathlon sont les suivants :<\/span><\/em><\/h3>\n\n\n\n<p><strong>Promotion de la pratique des sports encha\u00een\u00e9s pour TOUS :<\/strong><\/p>\n\n\n\n<ul class=\"wp-block-list\">\n<li>jeunes comme adultes,<\/li>\n\n\n\n<li>femmes comme hommes,<\/li>\n\n\n\n<li>licenci\u00e9s comme non licenci\u00e9s,<\/li>\n<\/ul>\n\n\n\n<p><strong>et pour tous les types de pratiques:<\/strong><\/p>\n\n\n\n<ul class=\"wp-block-list\">\n<li>haut niveau<\/li>\n\n\n\n<li>comp\u00e9tition<\/li>\n\n\n\n<li>loisirs<\/li>\n\n\n\n<li>sport sant\u00e9<\/li>\n\n\n\n<li>d\u00e9couverte<\/li>\n<\/ul>\n\n\n\n<p><strong><em>Avec la volont\u00e9 de cr\u00e9er un ou plusieurs collectifs mosellans.<\/em><\/strong><\/p>\n\n\n\n<p><strong>Aide aux clubs :&nbsp;<\/strong><\/p>\n\n\n\n<ul class=\"wp-block-list\">\n<li><strong>relai d&rsquo;information<\/strong> (via mails, site internet, r\u00e9seaux sociaux, &#8230;)<\/li>\n\n\n\n<li><strong>mutualisation des moyens<\/strong> humains, mat\u00e9riels, logistique&nbsp;pour animer stages et entra\u00eenements enfants et adultes &#8211;&nbsp;Achat de mat\u00e9riel propres au CD57 pour constituer une banque de pr\u00eat<\/li>\n\n\n\n<li><strong>aide \u00e0 l&rsquo;acquisition de mat\u00e9riel <\/strong>pour la pratique sportive des clubs mosellans (entra\u00eenements, comp\u00e9tition)<\/li>\n\n\n\n<li><strong>apport de conseils et d&rsquo;aide<\/strong>&nbsp;pour la vie des clubs et l\u2019organisation de leurs manifestations<\/li>\n\n\n\n<li><strong>facilitation des partenariats entre clubs<\/strong><\/li>\n<\/ul>\n\n\n\n<p><strong>Formation :<\/strong><\/p>\n\n\n\n<ul class=\"wp-block-list\">\n<li>Aide financi\u00e8re \u00e0 la <strong>formation des b\u00e9n\u00e9voles<\/strong> (arbitrage, BF5, BNSSA, comptabilit\u00e9, dirigeants, &#8230;)<\/li>\n\n\n\n<li><strong>Relai d&rsquo;information<\/strong> sur les offres de formation<\/li>\n<\/ul>\n\n\n\n<p><strong>Sport Sant\u00e9:<\/strong><\/p>\n\n\n\n<ul class=\"wp-block-list\">\n<li><strong>Information et sensibilisation<\/strong> (sur le site internet, les r\u00e9seaux sociaux, et lors des stages r\u00e9alis\u00e9s, ou sur des stands sur d&rsquo;autres manifestations, participation \u00e0 des colloques, etc)<\/li>\n\n\n\n<li>Organisation de \u00ab\u00a0<strong>tests sport sant\u00e9<\/strong>\u00ab\u00a0<\/li>\n\n\n\n<li>Mise en place d&rsquo;a<strong>ctivit\u00e9s pour un public atteint de pathologie(s)<\/strong><\/li>\n\n\n\n<li>Promotion de la pratique sportive dans&nbsp;un &nbsp;<strong>objectif de sant\u00e9&nbsp;\/bien-\u00eatre<\/strong><\/li>\n<\/ul>\n\n\n\n<p><strong>Communication :<\/strong><\/p>\n\n\n\n<ul class=\"wp-block-list\">\n<li>supports visuels<\/li>\n\n\n\n<li>presse, radio, &#8230;<\/li>\n\n\n\n<li><a href=\"http:\/\/moselle-triathlon.fr\">site Internet<\/a><\/li>\n\n\n\n<li>page <a href=\"https:\/\/www.facebook.com\/CD57triathlon\/\" target=\"_blank\" rel=\"noopener\">Facebook CD 57 Triathlon<\/a><\/li>\n\n\n\n<li>compte <a href=\"https:\/\/www.instagram.com\/cd57triathlon\/\" target=\"_blank\" rel=\"noopener\">Instagram cd57triathlon<\/a><\/li>\n\n\n\n<li>Twitter <a href=\"https:\/\/twitter.com\/CD57triathlon\" target=\"_blank\" rel=\"noopener\">CD Moselle Triathlon (@cd57triathlon)<\/a><\/li>\n<\/ul>\n\n\n\n<blockquote class=\"wp-block-quote has-medium-font-size is-layout-flow wp-block-quote-is-layout-flow\">\n<div class=\"wp-block-group is-style-plain has-medium-font-size is-layout-constrained wp-block-group-is-layout-constrained\">\n<h2 class=\"wp-block-heading alignwide has-black-color has-text-color has-link-color has-medium-font-size wp-elements-9175398b69cc980a269749cd7c4a7762\" id=\"we-re-a-studio-in-berlin-with-an-international-practice-in-architecture-urban-planning-and-interior-design-we-believe-in-sharing-knowledge-and-promoting-dialogue-to-increase-the-creative-potential-of-collaboration\" style=\"line-height:1.1\"><span style=\"color: #ff0000;\"><em>Le Comit\u00e9 D\u00e9partemental Moselle de Triathlon&nbsp;favorise la mutualisation des moyens mat\u00e9riels et humains au sein du d\u00e9partement afin de promouvoir les&nbsp;sports encha\u00een\u00e9s pour tous et partout, que cela concerne&nbsp;la pratique, pour les licenci\u00e9s, quel que soit leur niveau,&nbsp;ou bien&nbsp;la d\u00e9couverte des sports encha\u00een\u00e9s pour les autres pratiquants, tout ceci<span style=\"color: #ff0000;\"><em> en insufflant&nbsp;un esprit \u00ab\u00a0collectif mosellan\u00a0\u00bb<\/em><\/span>.<\/em><\/span><\/h2>\n<\/div>\n<\/blockquote>\n\n\n\n<hr class=\"wp-block-separator has-alpha-channel-opacity\"\/>\n\n\n\n<p>Ce projet est port\u00e9 par les&nbsp;<a href=\"http:\/\/moselle-triathlon.fr\/index.php\/membres-du-cd-57-triathlon\/\">Membres du Comit\u00e9 d\u00e9partemental de Moselle<\/a>.<\/p>\n\n\n\n<figure class=\"wp-block-image aligncenter\"><a href=\"https:\/\/moselle-triathlon.fr\/wp-content\/uploads\/2025\/03\/20250228_CD57Tri_projet-mandature-2025-2028.png\"><img loading=\"lazy\" decoding=\"async\" width=\"738\" height=\"444\" src=\"https:\/\/moselle-triathlon.fr\/wp-content\/uploads\/2025\/03\/20250228_CD57Tri_projet-mandature-2025-2028.png\" alt=\"\" class=\"wp-image-2950\" srcset=\"https:\/\/moselle-triathlon.fr\/wp-content\/uploads\/2025\/03\/20250228_CD57Tri_projet-mandature-2025-2028.png 738w, https:\/\/moselle-triathlon.fr\/wp-content\/uploads\/2025\/03\/20250228_CD57Tri_projet-mandature-2025-2028-300x180.png 300w\" sizes=\"auto, (max-width: 738px) 100vw, 738px\" \/><\/a><\/figure>\n\n\n\n<p>Pour avoir un aper\u00e7u des <strong>actions r\u00e9alis\u00e9es concr\u00e8tement<\/strong> par le CD 57 Triathlon et de celles pr\u00e9vues pour l&rsquo;ann\u00e9e en cours, vous pouvez lire les comptes-rendus des pr\u00e9c\u00e9dentes assembl\u00e9es g\u00e9n\u00e9rales dans la rubrique \u00ab\u00a0<a href=\"https:\/\/moselle-triathlon.fr\/index.php\/category\/vie-du-comite\/\" target=\"_blank\" rel=\"noopener\">Vie du comit\u00e9<\/a>\u00ab\u00a0.<\/p>\n\n\n\n<p>Enfin, vous retrouverez <strong>sur ce site Internet<\/strong> toutes les rubriques relatives aux diff\u00e9rents items cit\u00e9s ci-dessus, n&rsquo;h\u00e9sitez pas \u00e0 parcourir ses pages et \u00e0 aimer et suivre <a href=\"https:\/\/www.facebook.com\/CD57triathlon\/?ref=bookmarks\" target=\"_blank\" rel=\"noopener\">notre page Facebook<\/a> et\/ou \u00e0 vous abonner \u00e0 <a href=\"https:\/\/www.instagram.com\/cd57triathlon\/\" target=\"_blank\" rel=\"noopener\">notre compte Instagram<\/a> pour rester au courant de toute l&rsquo;actualit\u00e9 du CD 57 Triathlon !!<\/p>\n\n\n\n<p><\/p>\n","protected":false},"excerpt":{"rendered":"<p>Fond\u00e9 le 1er Juillet 2003, le Comit\u00e9 D\u00e9partemental Moselle de Triathlon est inscrit au registre des associations du TGI de Metz. &nbsp;Il est r\u00e9gi par les statuts f\u00e9d\u00e9raux de la F\u00e9d\u00e9ration Fran\u00e7aise de Triathlon des Comit\u00e9s D\u00e9partementaux.&nbsp;Il a \u00e9t\u00e9 r\u00e9activ\u00e9 de mani\u00e8re significative \u00e0 compter de 2012, notamment suite aux directives du Minist\u00e8re en charge [&hellip;]<\/p>\n","protected":false},"author":4,"featured_media":0,"parent":0,"menu_order":0,"comment_status":"closed","ping_status":"closed","template":"","meta":{"footnotes":""},"class_list":["post-83","page","type-page","status-publish","hentry"],"blocksy_meta":[],"_links":{"self":[{"href":"https:\/\/moselle-triathlon.fr\/index.php\/wp-json\/wp\/v2\/pages\/83","targetHints":{"allow":["GET"]}}],"collection":[{"href":"https:\/\/moselle-triathlon.fr\/index.php\/wp-json\/wp\/v2\/pages"}],"about":[{"href":"https:\/\/moselle-triathlon.fr\/index.php\/wp-json\/wp\/v2\/types\/page"}],"author":[{"embeddable":true,"href":"https:\/\/moselle-triathlon.fr\/index.php\/wp-json\/wp\/v2\/users\/4"}],"replies":[{"embeddable":true,"href":"https:\/\/moselle-triathlon.fr\/index.php\/wp-json\/wp\/v2\/comments?post=83"}],"version-history":[{"count":0,"href":"https:\/\/moselle-triathlon.fr\/index.php\/wp-json\/wp\/v2\/pages\/83\/revisions"}],"wp:attachment":[{"href":"https:\/\/moselle-triathlon.fr\/index.php\/wp-json\/wp\/v2\/media?parent=83"}],"curies":[{"name":"wp","href":"https:\/\/api.w.org\/{rel}","templated":true}]}}