{"id":437,"date":"2015-11-23T14:01:16","date_gmt":"2015-11-23T13:01:16","guid":{"rendered":"http:\/\/moselle-triathlon.fr\/?page_id=437"},"modified":"2021-02-28T13:49:05","modified_gmt":"2021-02-28T12:49:05","slug":"agenda","status":"publish","type":"page","link":"https:\/\/moselle-triathlon.fr\/index.php\/agenda\/","title":{"rendered":"Agenda"},"content":{"rendered":"\n<p class=\"has-text-align-center\"><strong>Pour ajouter votre\u00a0\u00e9v\u00e9nement, n&rsquo;h\u00e9sitez pas \u00e0 contacter le <a href=\"mailto:webmaster.cd57triathlon@gmail.com\" target=\"_blank\" rel=\"noopener\">Webmaster<\/a><\/strong>.<\/p>\n\n\n\n<p>Vous retrouverez par ailleurs le calendrier des \u00e9preuves r\u00e9gionales r\u00e9guli\u00e8rement mis \u00e0 jour sur le site de la Ligue Grand Est : <a href=\"https:\/\/triathlongrandest.fr\/epreuves\/a-venir\/\" target=\"_blank\" rel=\"noreferrer noopener\">https:\/\/triathlongrandest.fr\/epreuves\/a-venir\/<\/a>.<\/p>\n\n\n\n<hr class=\"wp-block-separator\"\/>\n\n\n\n<hr class=\"wp-block-separator\"\/>\n\n\n\n<p class=\"has-text-align-center\"><iframe loading=\"lazy\" style=\"border-width: 0;\" src=\"https:\/\/calendar.google.com\/calendar\/embed?showTitle=0&amp;showPrint=0&amp;showTabs=0&amp;showTz=0&amp;mode=AGENDA&amp;height=600&amp;wkst=2&amp;bgcolor=%2333ccff&amp;src=8mhul57tdplm0a74dnc2rbpgc8%40group.calendar.google.com&amp;color=%23711616&amp;src=ae4o5u3dkj4l2am8rumgledbok%40group.calendar.google.com&amp;color=%23182C57&amp;ctz=Europe%2FParis\" width=\"450\" height=\"600\" frameborder=\"0\" scrolling=\"no\"><\/iframe><\/p>\n","protected":false},"excerpt":{"rendered":"<p>Pour ajouter votre\u00a0\u00e9v\u00e9nement, n&rsquo;h\u00e9sitez pas \u00e0 contacter le Webmaster. Vous retrouverez par ailleurs le calendrier des \u00e9preuves r\u00e9gionales r\u00e9guli\u00e8rement mis \u00e0 jour sur le site de la Ligue Grand Est : https:\/\/triathlongrandest.fr\/epreuves\/a-venir\/.<\/p>\n","protected":false},"author":4,"featured_media":0,"parent":0,"menu_order":0,"comment_status":"closed","ping_status":"closed","template":"","meta":{"footnotes":""},"class_list":["post-437","page","type-page","status-publish","hentry"],"blocksy_meta":[],"_links":{"self":[{"href":"https:\/\/moselle-triathlon.fr\/index.php\/wp-json\/wp\/v2\/pages\/437","targetHints":{"allow":["GET"]}}],"collection":[{"href":"https:\/\/moselle-triathlon.fr\/index.php\/wp-json\/wp\/v2\/pages"}],"about":[{"href":"https:\/\/moselle-triathlon.fr\/index.php\/wp-json\/wp\/v2\/types\/page"}],"author":[{"embeddable":true,"href":"https:\/\/moselle-triathlon.fr\/index.php\/wp-json\/wp\/v2\/users\/4"}],"replies":[{"embeddable":true,"href":"https:\/\/moselle-triathlon.fr\/index.php\/wp-json\/wp\/v2\/comments?post=437"}],"version-history":[{"count":0,"href":"https:\/\/moselle-triathlon.fr\/index.php\/wp-json\/wp\/v2\/pages\/437\/revisions"}],"wp:attachment":[{"href":"https:\/\/moselle-triathlon.fr\/index.php\/wp-json\/wp\/v2\/media?parent=437"}],"curies":[{"name":"wp","href":"https:\/\/api.w.org\/{rel}","templated":true}]}}