{"id":140,"date":"2015-10-24T19:05:24","date_gmt":"2015-10-24T17:05:24","guid":{"rendered":"http:\/\/moselle-triathlon.fr\/?page_id=140"},"modified":"2025-03-22T21:09:04","modified_gmt":"2025-03-22T20:09:04","slug":"nous-contacter","status":"publish","type":"page","link":"https:\/\/moselle-triathlon.fr\/index.php\/nous-contacter\/","title":{"rendered":"Nous contacter"},"content":{"rendered":"<h4>Adresses \u00e9lectroniques (\u00e0 privil\u00e9gier):<\/h4>\n<ul>\n<li>pour toute demande\/remarque g\u00e9n\u00e9rale: <a href=\"mailto:contact@moselle-triathlon.fr\">contact@moselle-triathlon.fr<\/a><\/li>\n<li>pour proposer des articles, faire des remarques sur le site, ou en cas de probl\u00e8me technique, etc : <a href=\"mailto:webmaster@moselle-triathlon.fr\" target=\"_blank\" rel=\"noopener\">webmaster@moselle-triathlon.fr<\/a><\/li>\n<li>pour s&rsquo;adresser au pr\u00e9sident: <a href=\"mailto:president@moselle-triathlon.fr\">president@moselle-triathlon.fr<\/a><\/li>\n<li>pour s&rsquo;adresser au tr\u00e9sorier: <a href=\"mailto:tresorier@moselle-triathlon.fr\">tresorier@moselle-triathlon.fr<\/a><\/li>\n<li>pour s&rsquo;adresser \u00e0 la secr\u00e9taire: <a href=\"mailto:secretaire@moselle-triathlon.fr\">secretaire@moselle-triathlon.fr<\/a><\/li>\n<li>pour s&rsquo;adresser \u00e0 l&rsquo;ensemble du comit\u00e9 directeur: <a href=\"mailto:codir@moselle-triathlon.fr\">codir@moselle-triathlon.fr\u00a0<\/a><\/li>\n<\/ul>\n<h4>Adresse postale:<\/h4>\n<div><em>Comit\u00e9 D\u00e9partemental Moselle de Triathlon<\/em><\/div>\n<div>3, rue de la Genti\u00e8re<\/div>\n<div>57140 SAULNY<\/div>\n<div><\/div>\n","protected":false},"excerpt":{"rendered":"<p>Adresses \u00e9lectroniques (\u00e0 privil\u00e9gier): pour toute demande\/remarque g\u00e9n\u00e9rale: contact@moselle-triathlon.fr pour proposer des articles, faire des remarques sur le site, ou en cas de probl\u00e8me technique, etc : webmaster@moselle-triathlon.fr pour s&rsquo;adresser au pr\u00e9sident: president@moselle-triathlon.fr pour s&rsquo;adresser au tr\u00e9sorier: tresorier@moselle-triathlon.fr pour s&rsquo;adresser \u00e0 la secr\u00e9taire: secretaire@moselle-triathlon.fr pour s&rsquo;adresser \u00e0 l&rsquo;ensemble du comit\u00e9 directeur: codir@moselle-triathlon.fr\u00a0 Adresse postale: Comit\u00e9 [&hellip;]<\/p>\n","protected":false},"author":4,"featured_media":0,"parent":0,"menu_order":0,"comment_status":"closed","ping_status":"closed","template":"","meta":{"footnotes":""},"class_list":["post-140","page","type-page","status-publish","hentry"],"blocksy_meta":[],"_links":{"self":[{"href":"https:\/\/moselle-triathlon.fr\/index.php\/wp-json\/wp\/v2\/pages\/140","targetHints":{"allow":["GET"]}}],"collection":[{"href":"https:\/\/moselle-triathlon.fr\/index.php\/wp-json\/wp\/v2\/pages"}],"about":[{"href":"https:\/\/moselle-triathlon.fr\/index.php\/wp-json\/wp\/v2\/types\/page"}],"author":[{"embeddable":true,"href":"https:\/\/moselle-triathlon.fr\/index.php\/wp-json\/wp\/v2\/users\/4"}],"replies":[{"embeddable":true,"href":"https:\/\/moselle-triathlon.fr\/index.php\/wp-json\/wp\/v2\/comments?post=140"}],"version-history":[{"count":0,"href":"https:\/\/moselle-triathlon.fr\/index.php\/wp-json\/wp\/v2\/pages\/140\/revisions"}],"wp:attachment":[{"href":"https:\/\/moselle-triathlon.fr\/index.php\/wp-json\/wp\/v2\/media?parent=140"}],"curies":[{"name":"wp","href":"https:\/\/api.w.org\/{rel}","templated":true}]}}